{"id":468,"date":"2026-01-04T10:00:15","date_gmt":"2026-01-04T10:00:15","guid":{"rendered":"https:\/\/kvinderevy.dk\/?post_type=product&#038;p=468"},"modified":"2026-01-22T08:46:05","modified_gmt":"2026-01-22T08:46:05","slug":"fredag-kvinderevy-2026","status":"publish","type":"product","link":"https:\/\/kvinderevy.dk\/index.php\/vare\/fredag-kvinderevy-2026\/","title":{"rendered":"Fredag &#8211; Kvinderevy 2026"},"content":{"rendered":"<p>&nbsp;<\/p>\n<p>Kvinderevyens fredagsforestilling kl. 18:30 fredag 13. marts 2026<\/p>\n<p>D\u00f8rene \u00e5bnes en time f\u00f8r.<\/p>\n<p>Inklusiv i prisen er 3 retters menu og revyforestilling<\/p>\n<p>Efter forestillingen \u00e5bner baren og der er hygge og dans til live musik.<\/p>\n<p>I baren kan der betales med MobilePay og kontanter<\/p>\n","protected":false},"excerpt":{"rendered":"<p><img loading=\"lazy\" decoding=\"async\" class=\"alignnone size-medium wp-image-470\" src=\"https:\/\/kvinderevy.dk\/wp-content\/uploads\/2026\/01\/revy-billet-300x159.jpg\" alt=\"\" width=\"300\" height=\"159\" srcset=\"https:\/\/kvinderevy.dk\/wp-content\/uploads\/2026\/01\/revy-billet-300x159.jpg 300w, https:\/\/kvinderevy.dk\/wp-content\/uploads\/2026\/01\/revy-billet.jpg 466w\" sizes=\"auto, (max-width: 300px) 100vw, 300px\" \/><\/p>\n<p>Kvinderevyens fredagsforestilling kl. 18:30 fredag 13. marts 2026<\/p>\n<p>D\u00f8rene \u00e5bnes en time f\u00f8r.<\/p>\n","protected":false},"featured_media":482,"template":"","meta":[],"product_brand":[],"product_cat":[28],"product_tag":[],"class_list":{"0":"post-468","1":"product","2":"type-product","3":"status-publish","4":"has-post-thumbnail","6":"product_cat-billet","8":"first","9":"outofstock","10":"virtual","11":"purchasable","12":"product-type-ticket-event"},"aioseo_notices":[],"_links":{"self":[{"href":"https:\/\/kvinderevy.dk\/index.php\/wp-json\/wp\/v2\/product\/468","targetHints":{"allow":["GET"]}}],"collection":[{"href":"https:\/\/kvinderevy.dk\/index.php\/wp-json\/wp\/v2\/product"}],"about":[{"href":"https:\/\/kvinderevy.dk\/index.php\/wp-json\/wp\/v2\/types\/product"}],"wp:featuredmedia":[{"embeddable":true,"href":"https:\/\/kvinderevy.dk\/index.php\/wp-json\/wp\/v2\/media\/482"}],"wp:attachment":[{"href":"https:\/\/kvinderevy.dk\/index.php\/wp-json\/wp\/v2\/media?parent=468"}],"wp:term":[{"taxonomy":"product_brand","embeddable":true,"href":"https:\/\/kvinderevy.dk\/index.php\/wp-json\/wp\/v2\/product_brand?post=468"},{"taxonomy":"product_cat","embeddable":true,"href":"https:\/\/kvinderevy.dk\/index.php\/wp-json\/wp\/v2\/product_cat?post=468"},{"taxonomy":"product_tag","embeddable":true,"href":"https:\/\/kvinderevy.dk\/index.php\/wp-json\/wp\/v2\/product_tag?post=468"}],"curies":[{"name":"wp","href":"https:\/\/api.w.org\/{rel}","templated":true}]}}